{"id":3664,"date":"2023-09-22T10:09:01","date_gmt":"2023-09-22T10:09:01","guid":{"rendered":"https:\/\/einar.qodeinteractive.com\/?page_id=3664"},"modified":"2024-06-19T06:38:06","modified_gmt":"2024-06-19T06:38:06","slug":"get-in-touch","status":"publish","type":"page","link":"https:\/\/madisonstudio.com.mx\/index.php\/get-in-touch\/","title":{"rendered":"Get In Touch"},"content":{"rendered":"\t\t<div data-elementor-type=\"wp-page\" data-elementor-id=\"3664\" class=\"elementor elementor-3664\">\n\t\t\t\t\t\t\t<div class=\"elementor-element elementor-element-9eaa7b6 e-con-full e-con\" data-id=\"9eaa7b6\" data-element_type=\"container\" data-settings=\"{&quot;content_width&quot;:&quot;full&quot;}\">\n\t\t<div class=\"elementor-element elementor-element-b8f7609 e-con-full e-con\" data-id=\"b8f7609\" data-element_type=\"container\" data-settings=\"{&quot;content_width&quot;:&quot;full&quot;}\">\n\t\t\t\t<div class=\"elementor-element elementor-element-1c2104c elementor-widget__width-initial elementor-widget-tablet__width-inherit elementor-widget elementor-widget-einar_core_custom_font\" data-id=\"1c2104c\" data-element_type=\"widget\" data-widget_type=\"einar_core_custom_font.default\">\n\t\t\t\t<div class=\"elementor-widget-container\">\n\t\t\t<div class=\"qodef-custom-font-holder\">\n<h1 class=\"qodef-shortcode qodef-m  qodef-custom-font qodef-custom-font-357 qodef-layout--simple      qodef-decoration--arrow \" >\n\t\t\t<a itemprop=\"url\" href=\"https:\/\/calendly.com\/madisonstudiomx\/30min\" target=\"_self\">\n\t\t\t\t\t\tTe damos asesor\u00eda GRATUITA, haz clic aqu\u00ed para reservar una junta con el team\t\t\n\t\t<span class=\"qodef-e-decoration\" ><svg class=\"qodef-svg--decoration-arrow-big\" xmlns=\"http:\/\/www.w3.org\/2000\/svg\" width=\"128\" height=\"51\" viewBox=\"0 0 128 51\" fill=\"currentColor\"><rect y=\"24\" width=\"115\" height=\"2\"\/><path d=\"M111,13C104,6,99,0,99,0H96s6,11,11,18l5,7-5,7c-5,7-11,18-11,18h3s5-6,12-13c9-9,17-11,17-11V24S120,22,111,13Z\"\/><\/svg><\/span>\t\t\t<\/a>\n\t<\/h1>\n<\/div>\n\t\t<\/div>\n\t\t\t\t<\/div>\n\t\t\t\t<div class=\"elementor-element elementor-element-f81a61e elementor-widget elementor-widget-qi_addons_for_elementor_contact_form_7\" data-id=\"f81a61e\" data-element_type=\"widget\" data-widget_type=\"qi_addons_for_elementor_contact_form_7.default\">\n\t\t\t\t<div class=\"elementor-widget-container\">\n\t\t\t<div class=\"qodef-shortcode qodef-m  qodef-qi-contact-form-7 \">\n\t\n<div class=\"wpcf7 no-js\" id=\"wpcf7-f9-o1\" lang=\"en-US\" dir=\"ltr\" data-wpcf7-id=\"9\">\n<div class=\"screen-reader-response\"><p role=\"status\" aria-live=\"polite\" aria-atomic=\"true\"><\/p> <ul><\/ul><\/div>\n<form action=\"\/index.php\/wp-json\/wp\/v2\/pages\/3664#wpcf7-f9-o1\" method=\"post\" class=\"wpcf7-form init\" aria-label=\"Contact form\" novalidate=\"novalidate\" data-status=\"init\">\n<div style=\"display: none;\">\n<input type=\"hidden\" name=\"_wpcf7\" value=\"9\" \/>\n<input type=\"hidden\" name=\"_wpcf7_version\" value=\"6.0.3\" \/>\n<input type=\"hidden\" name=\"_wpcf7_locale\" value=\"en_US\" \/>\n<input type=\"hidden\" name=\"_wpcf7_unit_tag\" value=\"wpcf7-f9-o1\" \/>\n<input type=\"hidden\" name=\"_wpcf7_container_post\" value=\"0\" \/>\n<input type=\"hidden\" name=\"_wpcf7_posted_data_hash\" value=\"\" \/>\n<\/div>\n<label> Nombre Completo\n    <span class=\"wpcf7-form-control-wrap\" data-name=\"your-name\"><input size=\"40\" maxlength=\"400\" class=\"wpcf7-form-control wpcf7-text wpcf7-validates-as-required\" autocomplete=\"name\" aria-required=\"true\" aria-invalid=\"false\" value=\"\" type=\"text\" name=\"your-name\" \/><\/span> <\/label>\n\n<label> Correo\n    <span class=\"wpcf7-form-control-wrap\" data-name=\"your-email\"><input size=\"40\" maxlength=\"400\" class=\"wpcf7-form-control wpcf7-email wpcf7-validates-as-required wpcf7-text wpcf7-validates-as-email\" autocomplete=\"email\" aria-required=\"true\" aria-invalid=\"false\" value=\"\" type=\"email\" name=\"your-email\" \/><\/span> <\/label>\n\n<label> Motivo\n    <span class=\"wpcf7-form-control-wrap\" data-name=\"your-subject\"><input size=\"40\" maxlength=\"400\" class=\"wpcf7-form-control wpcf7-text wpcf7-validates-as-required\" aria-required=\"true\" aria-invalid=\"false\" value=\"\" type=\"text\" name=\"your-subject\" \/><\/span> <\/label>\n\n<label> Cu\u00e9ntanos un poco de tu negocio y lo que te gustar\u00eda hacer para tu marca (optional)\n    <span class=\"wpcf7-form-control-wrap\" data-name=\"your-message\"><textarea cols=\"40\" rows=\"10\" maxlength=\"2000\" class=\"wpcf7-form-control wpcf7-textarea\" aria-invalid=\"false\" name=\"your-message\"><\/textarea><\/span> <\/label>\n\n<button class=\"wpcf7-form-control wpcf7-submit qodef-button qodef-size--normal qodef-layout--filled qodef-m\" type=\"submit\"><span class=\"qodef-m-inner\"><svg class=\"qodef-svg--arrow-button-simple\" xmlns=\"http:\/\/www.w3.org\/2000\/svg\" width=\"34.8962\" height=\"15\" viewBox=\"0 0 34.8962 15\" fill=\"currentColor\"><rect y=\"6.25\" width=\"33\" height=\"1.5\"\/><path d=\"M 29.5837 3.64 C 27.3962 1.68 25.8337 0 25.8337 0 h -0.9375 a 60.295 60.295 0 0 0 3.4375 5.04 L 29.8962 7 L 28.3337 8.96 A 60.295 60.295 0 0 0 24.8963 14 h 0.9375 s 1.5625 -1.68 3.75 -3.64 a 13.2224 13.2224 0 0 1 5.3125 -3.08 V 6.72 A 13.2224 13.2224 0 0 1 29.5837 3.64 Z\"\/><\/svg><span class=\"qodef-m-text\">ENVIAR<\/span><\/span><\/button><div class=\"wpcf7-response-output\" aria-hidden=\"true\"><\/div>\n<\/form>\n<\/div>\n<\/div>\n\t\t<\/div>\n\t\t\t\t<\/div>\n\t\t\t\t<\/div>\n\t\t<div class=\"elementor-element elementor-element-1441526 e-con-full e-con\" data-id=\"1441526\" data-element_type=\"container\" data-settings=\"{&quot;content_width&quot;:&quot;full&quot;}\">\n\t\t<div class=\"elementor-element elementor-element-720ff0c e-con-full e-con\" data-id=\"720ff0c\" data-element_type=\"container\" data-settings=\"{&quot;content_width&quot;:&quot;full&quot;}\">\n\t\t\t\t<div class=\"elementor-element elementor-element-74fa404 elementor-widget elementor-widget-einar_core_single_image\" data-id=\"74fa404\" data-element_type=\"widget\" data-widget_type=\"einar_core_single_image.default\">\n\t\t\t\t<div class=\"elementor-widget-container\">\n\t\t\t<div class=\"qodef-shortcode qodef-m  qodef-single-image qodef-layout--default  qodef--retina \" >\n\t<\/div>\n\t\t<\/div>\n\t\t\t\t<\/div>\n\t\t\t\t<div class=\"elementor-element elementor-element-8b0f212 elementor-widget elementor-widget-einar_core_list_item\" data-id=\"8b0f212\" data-element_type=\"widget\" data-widget_type=\"einar_core_list_item.default\">\n\t\t\t\t<div class=\"elementor-widget-container\">\n\t\t\t<div class=\"qodef-shortcode qodef-m  qodef-list-item qodef-layout--before-content   \">\n\n        \n\t<div class=\"qodef-m-content\">\n        <div class=\"qodef-e-title-with-decoration\">\n                <p class=\"qodef-m-title\" >\n            <a itemprop=\"url\" href=\"https:\/\/maps.app.goo.gl\/8DkrpUVux8658eW56\" target=\"_blank\">\n        Torre TOP, Constituci\u00f3n 2050-Floor 38,<br \/> Obispado, 64000 Monterrey, N.L.            <\/a>\n        <\/p>\n        <\/div>\n\t<\/div>\n<\/div>\n\t\t<\/div>\n\t\t\t\t<\/div>\n\t\t\t\t<div class=\"elementor-element elementor-element-02bc91b elementor-widget elementor-widget-einar_core_button\" data-id=\"02bc91b\" data-element_type=\"widget\" data-widget_type=\"einar_core_button.default\">\n\t\t\t\t<div class=\"elementor-widget-container\">\n\t\t\t<a class=\"qodef-shortcode qodef-m  qodef-button qodef-layout--textual   qodef-html--link\" href=\"tel:+001234567899\" target=\"_self\"  style=\"font-size: 18px;font-weight: 400\">\n\t<span class=\"qodef-m-inner\">\n\t\t<svg class=\"qodef-svg--arrow-button-simple\" xmlns=\"http:\/\/www.w3.org\/2000\/svg\" width=\"34.8962\" height=\"15\" viewBox=\"0 0 34.8962 15\" fill=\"currentColor\"><rect y=\"6.25\" width=\"33\" height=\"1.5\"\/><path d=\"M 29.5837 3.64 C 27.3962 1.68 25.8337 0 25.8337 0 h -0.9375 a 60.295 60.295 0 0 0 3.4375 5.04 L 29.8962 7 L 28.3337 8.96 A 60.295 60.295 0 0 0 24.8963 14 h 0.9375 s 1.5625 -1.68 3.75 -3.64 a 13.2224 13.2224 0 0 1 5.3125 -3.08 V 6.72 A 13.2224 13.2224 0 0 1 29.5837 3.64 Z\"\/><\/svg>\t\t<span class=\"qodef-m-text\">81 155 335 66<\/span>\n\t<\/span>\n<\/a>\n\t\t<\/div>\n\t\t\t\t<\/div>\n\t\t\t\t<div class=\"elementor-element elementor-element-d209c21 elementor-widget elementor-widget-einar_core_button\" data-id=\"d209c21\" data-element_type=\"widget\" data-widget_type=\"einar_core_button.default\">\n\t\t\t\t<div class=\"elementor-widget-container\">\n\t\t\t<a class=\"qodef-shortcode qodef-m  qodef-button qodef-layout--textual   qodef-html--link\" href=\"mailto:einar@example.com\" target=\"_self\"  style=\"font-size: 18px;font-weight: 400;text-transform: none\">\n\t<span class=\"qodef-m-inner\">\n\t\t<svg class=\"qodef-svg--arrow-button-simple\" xmlns=\"http:\/\/www.w3.org\/2000\/svg\" width=\"34.8962\" height=\"15\" viewBox=\"0 0 34.8962 15\" fill=\"currentColor\"><rect y=\"6.25\" width=\"33\" height=\"1.5\"\/><path d=\"M 29.5837 3.64 C 27.3962 1.68 25.8337 0 25.8337 0 h -0.9375 a 60.295 60.295 0 0 0 3.4375 5.04 L 29.8962 7 L 28.3337 8.96 A 60.295 60.295 0 0 0 24.8963 14 h 0.9375 s 1.5625 -1.68 3.75 -3.64 a 13.2224 13.2224 0 0 1 5.3125 -3.08 V 6.72 A 13.2224 13.2224 0 0 1 29.5837 3.64 Z\"\/><\/svg>\t\t<span class=\"qodef-m-text\">hi@madisonstudio.com.mx<\/span>\n\t<\/span>\n<\/a>\n\t\t<\/div>\n\t\t\t\t<\/div>\n\t\t\t\t<\/div>\n\t\t\t\t<\/div>\n\t\t\t\t<\/div>\n\t\t\t\t\t\t\t<\/div>\n\t\t","protected":false},"excerpt":{"rendered":"<p>Te damos asesor\u00eda GRATUITA, haz clic aqu\u00ed para reservar una junta con el team Nombre Completo Correo Motivo Cu\u00e9ntanos un poco de tu negocio y lo que te gustar\u00eda hacer para tu marca (optional) ENVIAR Torre TOP, Constituci\u00f3n 2050-Floor 38, Obispado, 64000 Monterrey, N.L. 81 155 335 66 hi@madisonstudio.com.mx<\/p>\n","protected":false},"author":1,"featured_media":0,"parent":0,"menu_order":0,"comment_status":"closed","ping_status":"closed","template":"page-full-width.php","meta":{"footnotes":""},"class_list":["post-3664","page","type-page","status-publish","hentry"],"yoast_head":"<!-- This site is optimized with the Yoast SEO plugin v22.3 - https:\/\/yoast.com\/wordpress\/plugins\/seo\/ -->\n<title>Get In Touch - Agencia de dise\u00f1o gr\u00e1fico y branding Monterrey<\/title>\n<meta name=\"robots\" content=\"index, follow, max-snippet:-1, max-image-preview:large, max-video-preview:-1\" \/>\n<link rel=\"canonical\" href=\"https:\/\/madisonstudio.com.mx\/index.php\/get-in-touch\/\" \/>\n<meta property=\"og:locale\" content=\"en_US\" \/>\n<meta property=\"og:type\" content=\"article\" \/>\n<meta property=\"og:title\" content=\"Get In Touch - Agencia de dise\u00f1o gr\u00e1fico y branding Monterrey\" \/>\n<meta property=\"og:description\" content=\"Te damos asesor\u00eda GRATUITA, haz clic aqu\u00ed para reservar una junta con el team Nombre Completo Correo Motivo Cu\u00e9ntanos un poco de tu negocio y lo que te gustar\u00eda hacer para tu marca (optional) ENVIAR Torre TOP, Constituci\u00f3n 2050-Floor 38, Obispado, 64000 Monterrey, N.L. 81 155 335 66 hi@madisonstudio.com.mx\" \/>\n<meta property=\"og:url\" content=\"https:\/\/madisonstudio.com.mx\/index.php\/get-in-touch\/\" \/>\n<meta property=\"og:site_name\" content=\"Agencia de dise\u00f1o gr\u00e1fico y branding Monterrey\" \/>\n<meta property=\"article:publisher\" content=\"https:\/\/www.facebook.com\/madisonstudiomx\" \/>\n<meta property=\"article:modified_time\" content=\"2024-06-19T06:38:06+00:00\" \/>\n<meta name=\"twitter:card\" content=\"summary_large_image\" \/>\n<meta name=\"twitter:label1\" content=\"Est. reading time\" \/>\n\t<meta name=\"twitter:data1\" content=\"1 minute\" \/>\n<script type=\"application\/ld+json\" class=\"yoast-schema-graph\">{\"@context\":\"https:\/\/schema.org\",\"@graph\":[{\"@type\":\"WebPage\",\"@id\":\"https:\/\/madisonstudio.com.mx\/index.php\/get-in-touch\/\",\"url\":\"https:\/\/madisonstudio.com.mx\/index.php\/get-in-touch\/\",\"name\":\"Get In Touch - Agencia de dise\u00f1o gr\u00e1fico y branding Monterrey\",\"isPartOf\":{\"@id\":\"https:\/\/madisonstudio.com.mx\/#website\"},\"datePublished\":\"2023-09-22T10:09:01+00:00\",\"dateModified\":\"2024-06-19T06:38:06+00:00\",\"breadcrumb\":{\"@id\":\"https:\/\/madisonstudio.com.mx\/index.php\/get-in-touch\/#breadcrumb\"},\"inLanguage\":\"en-US\",\"potentialAction\":[{\"@type\":\"ReadAction\",\"target\":[\"https:\/\/madisonstudio.com.mx\/index.php\/get-in-touch\/\"]}]},{\"@type\":\"BreadcrumbList\",\"@id\":\"https:\/\/madisonstudio.com.mx\/index.php\/get-in-touch\/#breadcrumb\",\"itemListElement\":[{\"@type\":\"ListItem\",\"position\":1,\"name\":\"Home\",\"item\":\"https:\/\/madisonstudio.com.mx\/\"},{\"@type\":\"ListItem\",\"position\":2,\"name\":\"Get In Touch\"}]},{\"@type\":\"WebSite\",\"@id\":\"https:\/\/madisonstudio.com.mx\/#website\",\"url\":\"https:\/\/madisonstudio.com.mx\/\",\"name\":\"Madison Studio\",\"description\":\"Agencia de dise\u00f1o gr\u00e1fico y Branding\",\"publisher\":{\"@id\":\"https:\/\/madisonstudio.com.mx\/#organization\"},\"potentialAction\":[{\"@type\":\"SearchAction\",\"target\":{\"@type\":\"EntryPoint\",\"urlTemplate\":\"https:\/\/madisonstudio.com.mx\/?s={search_term_string}\"},\"query-input\":\"required name=search_term_string\"}],\"inLanguage\":\"en-US\"},{\"@type\":\"Organization\",\"@id\":\"https:\/\/madisonstudio.com.mx\/#organization\",\"name\":\"Madison Studio\",\"url\":\"https:\/\/madisonstudio.com.mx\/\",\"logo\":{\"@type\":\"ImageObject\",\"inLanguage\":\"en-US\",\"@id\":\"https:\/\/madisonstudio.com.mx\/#\/schema\/logo\/image\/\",\"url\":\"http:\/\/madisonstudio.com.mx\/wp-content\/uploads\/2024\/02\/logo_madison_studio_mx_1.png\",\"contentUrl\":\"http:\/\/madisonstudio.com.mx\/wp-content\/uploads\/2024\/02\/logo_madison_studio_mx_1.png\",\"width\":279,\"height\":53,\"caption\":\"Madison Studio\"},\"image\":{\"@id\":\"https:\/\/madisonstudio.com.mx\/#\/schema\/logo\/image\/\"},\"sameAs\":[\"https:\/\/www.facebook.com\/madisonstudiomx\",\"https:\/\/www.behance.net\/madisonstudiomx\",\"https:\/\/www.instagram.com\/madisonstudiomx\/\"]}]}<\/script>\n<!-- \/ Yoast SEO plugin. -->","yoast_head_json":{"title":"Get In Touch - Agencia de dise\u00f1o gr\u00e1fico y branding Monterrey","robots":{"index":"index","follow":"follow","max-snippet":"max-snippet:-1","max-image-preview":"max-image-preview:large","max-video-preview":"max-video-preview:-1"},"canonical":"https:\/\/madisonstudio.com.mx\/index.php\/get-in-touch\/","og_locale":"en_US","og_type":"article","og_title":"Get In Touch - Agencia de dise\u00f1o gr\u00e1fico y branding Monterrey","og_description":"Te damos asesor\u00eda GRATUITA, haz clic aqu\u00ed para reservar una junta con el team Nombre Completo Correo Motivo Cu\u00e9ntanos un poco de tu negocio y lo que te gustar\u00eda hacer para tu marca (optional) ENVIAR Torre TOP, Constituci\u00f3n 2050-Floor 38, Obispado, 64000 Monterrey, N.L. 81 155 335 66 hi@madisonstudio.com.mx","og_url":"https:\/\/madisonstudio.com.mx\/index.php\/get-in-touch\/","og_site_name":"Agencia de dise\u00f1o gr\u00e1fico y branding Monterrey","article_publisher":"https:\/\/www.facebook.com\/madisonstudiomx","article_modified_time":"2024-06-19T06:38:06+00:00","twitter_card":"summary_large_image","twitter_misc":{"Est. reading time":"1 minute"},"schema":{"@context":"https:\/\/schema.org","@graph":[{"@type":"WebPage","@id":"https:\/\/madisonstudio.com.mx\/index.php\/get-in-touch\/","url":"https:\/\/madisonstudio.com.mx\/index.php\/get-in-touch\/","name":"Get In Touch - Agencia de dise\u00f1o gr\u00e1fico y branding Monterrey","isPartOf":{"@id":"https:\/\/madisonstudio.com.mx\/#website"},"datePublished":"2023-09-22T10:09:01+00:00","dateModified":"2024-06-19T06:38:06+00:00","breadcrumb":{"@id":"https:\/\/madisonstudio.com.mx\/index.php\/get-in-touch\/#breadcrumb"},"inLanguage":"en-US","potentialAction":[{"@type":"ReadAction","target":["https:\/\/madisonstudio.com.mx\/index.php\/get-in-touch\/"]}]},{"@type":"BreadcrumbList","@id":"https:\/\/madisonstudio.com.mx\/index.php\/get-in-touch\/#breadcrumb","itemListElement":[{"@type":"ListItem","position":1,"name":"Home","item":"https:\/\/madisonstudio.com.mx\/"},{"@type":"ListItem","position":2,"name":"Get In Touch"}]},{"@type":"WebSite","@id":"https:\/\/madisonstudio.com.mx\/#website","url":"https:\/\/madisonstudio.com.mx\/","name":"Madison Studio","description":"Agencia de dise\u00f1o gr\u00e1fico y Branding","publisher":{"@id":"https:\/\/madisonstudio.com.mx\/#organization"},"potentialAction":[{"@type":"SearchAction","target":{"@type":"EntryPoint","urlTemplate":"https:\/\/madisonstudio.com.mx\/?s={search_term_string}"},"query-input":"required name=search_term_string"}],"inLanguage":"en-US"},{"@type":"Organization","@id":"https:\/\/madisonstudio.com.mx\/#organization","name":"Madison Studio","url":"https:\/\/madisonstudio.com.mx\/","logo":{"@type":"ImageObject","inLanguage":"en-US","@id":"https:\/\/madisonstudio.com.mx\/#\/schema\/logo\/image\/","url":"http:\/\/madisonstudio.com.mx\/wp-content\/uploads\/2024\/02\/logo_madison_studio_mx_1.png","contentUrl":"http:\/\/madisonstudio.com.mx\/wp-content\/uploads\/2024\/02\/logo_madison_studio_mx_1.png","width":279,"height":53,"caption":"Madison Studio"},"image":{"@id":"https:\/\/madisonstudio.com.mx\/#\/schema\/logo\/image\/"},"sameAs":["https:\/\/www.facebook.com\/madisonstudiomx","https:\/\/www.behance.net\/madisonstudiomx","https:\/\/www.instagram.com\/madisonstudiomx\/"]}]}},"_links":{"self":[{"href":"https:\/\/madisonstudio.com.mx\/index.php\/wp-json\/wp\/v2\/pages\/3664","targetHints":{"allow":["GET"]}}],"collection":[{"href":"https:\/\/madisonstudio.com.mx\/index.php\/wp-json\/wp\/v2\/pages"}],"about":[{"href":"https:\/\/madisonstudio.com.mx\/index.php\/wp-json\/wp\/v2\/types\/page"}],"author":[{"embeddable":true,"href":"https:\/\/madisonstudio.com.mx\/index.php\/wp-json\/wp\/v2\/users\/1"}],"replies":[{"embeddable":true,"href":"https:\/\/madisonstudio.com.mx\/index.php\/wp-json\/wp\/v2\/comments?post=3664"}],"version-history":[{"count":15,"href":"https:\/\/madisonstudio.com.mx\/index.php\/wp-json\/wp\/v2\/pages\/3664\/revisions"}],"predecessor-version":[{"id":7050,"href":"https:\/\/madisonstudio.com.mx\/index.php\/wp-json\/wp\/v2\/pages\/3664\/revisions\/7050"}],"wp:attachment":[{"href":"https:\/\/madisonstudio.com.mx\/index.php\/wp-json\/wp\/v2\/media?parent=3664"}],"curies":[{"name":"wp","href":"https:\/\/api.w.org\/{rel}","templated":true}]}}