{"id":6804,"date":"2024-03-13T06:36:20","date_gmt":"2024-03-13T06:36:20","guid":{"rendered":"https:\/\/madisonstudio.com.mx\/?page_id=6804"},"modified":"2024-04-09T06:02:54","modified_gmt":"2024-04-09T06:02:54","slug":"portafolio-madison","status":"publish","type":"page","link":"https:\/\/madisonstudio.com.mx\/index.php\/portafolio-madison\/","title":{"rendered":"Portafolio-Madison"},"content":{"rendered":"\t\t<div data-elementor-type=\"wp-page\" data-elementor-id=\"6804\" class=\"elementor elementor-6804\">\n\t\t\t\t\t\t\t<div class=\"elementor-element elementor-element-bc9ba3b e-con-full e-con\" data-id=\"bc9ba3b\" data-element_type=\"container\" data-settings=\"{&quot;content_width&quot;:&quot;full&quot;}\">\n\t\t\t\t<div class=\"elementor-element elementor-element-a668acf elementor-widget elementor-widget-einar_core_section_title\" data-id=\"a668acf\" data-element_type=\"widget\" data-widget_type=\"einar_core_section_title.default\">\n\t\t\t\t<div class=\"elementor-widget-container\">\n\t\t\t<div class=\"qodef-shortcode qodef-m  qodef-section-title qodef-alignment--left qodef-title-break--disabled\">\n\t\t<h1 class=\"qodef-m-title\" >\n\t\t\t\t\tEspecializados en servicio<br \/> de dise\u00f1o gr\u00e1fico y branding.\t\t\t<\/h1>\n\t\t<\/div>\n\t\t<\/div>\n\t\t\t\t<\/div>\n\t\t\t\t<\/div>\n\t\t<div class=\"elementor-element elementor-element-ad4fc6e e-con-boxed e-con\" data-id=\"ad4fc6e\" data-element_type=\"container\" data-settings=\"{&quot;content_width&quot;:&quot;boxed&quot;}\">\n\t\t\t\t\t<div class=\"e-con-inner\">\n\t\t\t\t<div class=\"elementor-element elementor-element-f6a8858 elementor-widget elementor-widget-spacer\" data-id=\"f6a8858\" data-element_type=\"widget\" data-widget_type=\"spacer.default\">\n\t\t\t\t<div class=\"elementor-widget-container\">\n\t\t\t<style>\/*! elementor - v3.10.2 - 29-01-2023 *\/\n.elementor-column .elementor-spacer-inner{height:var(--spacer-size)}.e-con{--container-widget-width:100%}.e-con-inner>.elementor-widget-spacer,.e-con>.elementor-widget-spacer{width:var(--container-widget-width,var(--spacer-size));--align-self:var(--container-widget-align-self,initial);--flex-shrink:0}.e-con-inner>.elementor-widget-spacer>.elementor-widget-container,.e-con-inner>.elementor-widget-spacer>.elementor-widget-container>.elementor-spacer,.e-con>.elementor-widget-spacer>.elementor-widget-container,.e-con>.elementor-widget-spacer>.elementor-widget-container>.elementor-spacer{height:100%}.e-con-inner>.elementor-widget-spacer>.elementor-widget-container>.elementor-spacer>.elementor-spacer-inner,.e-con>.elementor-widget-spacer>.elementor-widget-container>.elementor-spacer>.elementor-spacer-inner{height:var(--container-widget-height,var(--spacer-size))}<\/style>\t\t<div class=\"elementor-spacer\">\n\t\t\t<div class=\"elementor-spacer-inner\"><\/div>\n\t\t<\/div>\n\t\t\t\t<\/div>\n\t\t\t\t<\/div>\n\t\t\t\t\t<\/div>\n\t\t\t\t<\/div>\n\t\t<div class=\"elementor-element elementor-element-404d2f7 e-con-full e-con\" data-id=\"404d2f7\" data-element_type=\"container\" data-settings=\"{&quot;content_width&quot;:&quot;full&quot;}\">\n\t\t<div class=\"elementor-element elementor-element-6784af6 e-con-full e-con\" data-id=\"6784af6\" data-element_type=\"container\" data-settings=\"{&quot;content_width&quot;:&quot;full&quot;}\">\n\t\t\t\t<div class=\"elementor-element elementor-element-6212428 elementor-widget elementor-widget-einar_core_image_with_text\" data-id=\"6212428\" data-element_type=\"widget\" data-widget_type=\"einar_core_image_with_text.default\">\n\t\t\t\t<div class=\"elementor-widget-container\">\n\t\t\t<div class=\"qodef-shortcode qodef-m  qodef-image-with-text qodef-layout--text-below  qodef--has-appear qodef--hover-move\" >\n\t<div class=\"qodef-m-image\">\n\t\t\t<a itemprop=\"url\" href=\"https:\/\/madisonstudio.com.mx\/index.php\/mexacryl\/\" target=\"_self\">\n\t\t\t<img loading=\"lazy\" decoding=\"async\" width=\"1400\" height=\"933\" src=\"https:\/\/madisonstudio.com.mx\/wp-content\/uploads\/2023\/08\/7210c4191180851.65c6f0ddca964.png\" class=\"attachment-full size-full\" alt=\"\" srcset=\"https:\/\/madisonstudio.com.mx\/wp-content\/uploads\/2023\/08\/7210c4191180851.65c6f0ddca964.png 1400w, https:\/\/madisonstudio.com.mx\/wp-content\/uploads\/2023\/08\/7210c4191180851.65c6f0ddca964-300x200.png 300w, https:\/\/madisonstudio.com.mx\/wp-content\/uploads\/2023\/08\/7210c4191180851.65c6f0ddca964-1024x682.png 1024w, https:\/\/madisonstudio.com.mx\/wp-content\/uploads\/2023\/08\/7210c4191180851.65c6f0ddca964-768x512.png 768w, https:\/\/madisonstudio.com.mx\/wp-content\/uploads\/2023\/08\/7210c4191180851.65c6f0ddca964-600x400.png 600w\" sizes=\"auto, (max-width: 1400px) 100vw, 1400px\" \/>\t\t\t<\/a>\n\t<\/div>\n\t<div class=\"qodef-m-content\">\n\t\t\t<h4 class=\"qodef-m-title\" >\n\t\t\t\t\t<a itemprop=\"url\" href=\"https:\/\/madisonstudio.com.mx\/index.php\/mexacryl\/\" target=\"_self\">\n\t\t\t\t\tMEXACRYL\t\t\t\t\t<\/a>\n\t\t\t<\/h4>\n\t\t\t<p class=\"qodef-m-text\" >BRANDING <\/p>\n\t\t<a class=\"qodef-shortcode qodef-m  qodef-button qodef-layout--textual  qodef-button-arrow--no qodef-html--link\" href=\"https:\/\/madisonstudio.com.mx\/index.php\/mexacryl\/\" target=\"_blank\"  >\t<span class=\"qodef-m-inner\">\t\t<svg class=\"qodef-svg--arrow-button-simple\" xmlns=\"http:\/\/www.w3.org\/2000\/svg\" width=\"34.8962\" height=\"15\" viewBox=\"0 0 34.8962 15\" fill=\"currentColor\"><rect y=\"6.25\" width=\"33\" height=\"1.5\"\/><path d=\"M 29.5837 3.64 C 27.3962 1.68 25.8337 0 25.8337 0 h -0.9375 a 60.295 60.295 0 0 0 3.4375 5.04 L 29.8962 7 L 28.3337 8.96 A 60.295 60.295 0 0 0 24.8963 14 h 0.9375 s 1.5625 -1.68 3.75 -3.64 a 13.2224 13.2224 0 0 1 5.3125 -3.08 V 6.72 A 13.2224 13.2224 0 0 1 29.5837 3.64 Z\"\/><\/svg>\t\t<span class=\"qodef-m-text\">VER PORTAFOLIO<\/span>\t<\/span><\/a>\t<\/div>\n<\/div>\n\t\t<\/div>\n\t\t\t\t<\/div>\n\t\t\t\t<\/div>\n\t\t<div class=\"elementor-element elementor-element-bda8217 e-con-full e-con\" data-id=\"bda8217\" data-element_type=\"container\" data-settings=\"{&quot;content_width&quot;:&quot;full&quot;}\">\n\t\t\t\t<div class=\"elementor-element elementor-element-6919556 elementor-widget elementor-widget-einar_core_image_with_text\" data-id=\"6919556\" data-element_type=\"widget\" data-widget_type=\"einar_core_image_with_text.default\">\n\t\t\t\t<div class=\"elementor-widget-container\">\n\t\t\t<div class=\"qodef-shortcode qodef-m  qodef-image-with-text qodef-layout--text-below  qodef--has-appear qodef--hover-move\" >\n\t<div class=\"qodef-m-image\">\n\t\t\t<a itemprop=\"url\" href=\"https:\/\/madisonstudio.com.mx\/index.php\/yatel\/\" target=\"_self\">\n\t\t\t<img loading=\"lazy\" decoding=\"async\" width=\"1400\" height=\"933\" src=\"https:\/\/madisonstudio.com.mx\/wp-content\/uploads\/2024\/03\/yatel_portada.png\" class=\"attachment-full size-full\" alt=\"\" srcset=\"https:\/\/madisonstudio.com.mx\/wp-content\/uploads\/2024\/03\/yatel_portada.png 1400w, https:\/\/madisonstudio.com.mx\/wp-content\/uploads\/2024\/03\/yatel_portada-300x200.png 300w, https:\/\/madisonstudio.com.mx\/wp-content\/uploads\/2024\/03\/yatel_portada-1024x682.png 1024w, https:\/\/madisonstudio.com.mx\/wp-content\/uploads\/2024\/03\/yatel_portada-768x512.png 768w, https:\/\/madisonstudio.com.mx\/wp-content\/uploads\/2024\/03\/yatel_portada-600x400.png 600w\" sizes=\"auto, (max-width: 1400px) 100vw, 1400px\" \/>\t\t\t<\/a>\n\t<\/div>\n\t<div class=\"qodef-m-content\">\n\t\t\t<h4 class=\"qodef-m-title\" >\n\t\t\t\t\t<a itemprop=\"url\" href=\"https:\/\/madisonstudio.com.mx\/index.php\/yatel\/\" target=\"_self\">\n\t\t\t\t\tYATEL\t\t\t\t\t<\/a>\n\t\t\t<\/h4>\n\t\t\t<p class=\"qodef-m-text\" >BRANDING <\/p>\n\t\t<a class=\"qodef-shortcode qodef-m  qodef-button qodef-layout--textual  qodef-button-arrow--no qodef-html--link\" href=\"https:\/\/madisonstudio.com.mx\/index.php\/yatel\/\" target=\"_blank\"  >\t<span class=\"qodef-m-inner\">\t\t<svg class=\"qodef-svg--arrow-button-simple\" xmlns=\"http:\/\/www.w3.org\/2000\/svg\" width=\"34.8962\" height=\"15\" viewBox=\"0 0 34.8962 15\" fill=\"currentColor\"><rect y=\"6.25\" width=\"33\" height=\"1.5\"\/><path d=\"M 29.5837 3.64 C 27.3962 1.68 25.8337 0 25.8337 0 h -0.9375 a 60.295 60.295 0 0 0 3.4375 5.04 L 29.8962 7 L 28.3337 8.96 A 60.295 60.295 0 0 0 24.8963 14 h 0.9375 s 1.5625 -1.68 3.75 -3.64 a 13.2224 13.2224 0 0 1 5.3125 -3.08 V 6.72 A 13.2224 13.2224 0 0 1 29.5837 3.64 Z\"\/><\/svg>\t\t<span class=\"qodef-m-text\">VER PORTAFOLIO<\/span>\t<\/span><\/a>\t<\/div>\n<\/div>\n\t\t<\/div>\n\t\t\t\t<\/div>\n\t\t\t\t<\/div>\n\t\t\t\t<\/div>\n\t\t<div class=\"elementor-element elementor-element-a718244 e-con-full e-con\" data-id=\"a718244\" data-element_type=\"container\" data-settings=\"{&quot;content_width&quot;:&quot;full&quot;}\">\n\t\t<div class=\"elementor-element elementor-element-1ee4fe8 e-con-full e-con\" data-id=\"1ee4fe8\" data-element_type=\"container\" data-settings=\"{&quot;content_width&quot;:&quot;full&quot;}\">\n\t\t\t\t<div class=\"elementor-element elementor-element-0dad7f6 elementor-widget elementor-widget-einar_core_image_with_text\" data-id=\"0dad7f6\" data-element_type=\"widget\" data-widget_type=\"einar_core_image_with_text.default\">\n\t\t\t\t<div class=\"elementor-widget-container\">\n\t\t\t<div class=\"qodef-shortcode qodef-m  qodef-image-with-text qodef-layout--text-below  qodef--has-appear qodef--hover-move\" >\n\t<div class=\"qodef-m-image\">\n\t\t\t<a itemprop=\"url\" href=\"https:\/\/madisonstudio.com.mx\/index.php\/benita\/\" target=\"_self\">\n\t\t\t<img loading=\"lazy\" decoding=\"async\" width=\"1400\" height=\"933\" src=\"https:\/\/madisonstudio.com.mx\/wp-content\/uploads\/2024\/03\/BENITA_PORTADA.png\" class=\"attachment-full size-full\" alt=\"\" srcset=\"https:\/\/madisonstudio.com.mx\/wp-content\/uploads\/2024\/03\/BENITA_PORTADA.png 1400w, https:\/\/madisonstudio.com.mx\/wp-content\/uploads\/2024\/03\/BENITA_PORTADA-300x200.png 300w, https:\/\/madisonstudio.com.mx\/wp-content\/uploads\/2024\/03\/BENITA_PORTADA-1024x682.png 1024w, https:\/\/madisonstudio.com.mx\/wp-content\/uploads\/2024\/03\/BENITA_PORTADA-768x512.png 768w, https:\/\/madisonstudio.com.mx\/wp-content\/uploads\/2024\/03\/BENITA_PORTADA-600x400.png 600w\" sizes=\"auto, (max-width: 1400px) 100vw, 1400px\" \/>\t\t\t<\/a>\n\t<\/div>\n\t<div class=\"qodef-m-content\">\n\t\t\t<h4 class=\"qodef-m-title\" >\n\t\t\t\t\t<a itemprop=\"url\" href=\"https:\/\/madisonstudio.com.mx\/index.php\/benita\/\" target=\"_self\">\n\t\t\t\t\tBENITA BOUTIQUE\t\t\t\t\t<\/a>\n\t\t\t<\/h4>\n\t\t\t<p class=\"qodef-m-text\" >BRANDING <\/p>\n\t\t<a class=\"qodef-shortcode qodef-m  qodef-button qodef-layout--textual  qodef-button-arrow--no qodef-html--link\" href=\"https:\/\/madisonstudio.com.mx\/index.php\/benita\/\" target=\"_blank\"  >\t<span class=\"qodef-m-inner\">\t\t<svg class=\"qodef-svg--arrow-button-simple\" xmlns=\"http:\/\/www.w3.org\/2000\/svg\" width=\"34.8962\" height=\"15\" viewBox=\"0 0 34.8962 15\" fill=\"currentColor\"><rect y=\"6.25\" width=\"33\" height=\"1.5\"\/><path d=\"M 29.5837 3.64 C 27.3962 1.68 25.8337 0 25.8337 0 h -0.9375 a 60.295 60.295 0 0 0 3.4375 5.04 L 29.8962 7 L 28.3337 8.96 A 60.295 60.295 0 0 0 24.8963 14 h 0.9375 s 1.5625 -1.68 3.75 -3.64 a 13.2224 13.2224 0 0 1 5.3125 -3.08 V 6.72 A 13.2224 13.2224 0 0 1 29.5837 3.64 Z\"\/><\/svg>\t\t<span class=\"qodef-m-text\">VER PORTAFOLIO<\/span>\t<\/span><\/a>\t<\/div>\n<\/div>\n\t\t<\/div>\n\t\t\t\t<\/div>\n\t\t\t\t<\/div>\n\t\t<div class=\"elementor-element elementor-element-28a0247 e-con-full e-con\" data-id=\"28a0247\" data-element_type=\"container\" data-settings=\"{&quot;content_width&quot;:&quot;full&quot;}\">\n\t\t\t\t<div class=\"elementor-element elementor-element-65493c8 elementor-widget elementor-widget-einar_core_image_with_text\" data-id=\"65493c8\" data-element_type=\"widget\" data-widget_type=\"einar_core_image_with_text.default\">\n\t\t\t\t<div class=\"elementor-widget-container\">\n\t\t\t<div class=\"qodef-shortcode qodef-m  qodef-image-with-text qodef-layout--text-below  qodef--has-appear qodef--hover-move\" >\n\t<div class=\"qodef-m-image\">\n\t\t\t<a itemprop=\"url\" href=\"https:\/\/madisonstudio.com.mx\/index.php\/bellenty\/\" target=\"_self\">\n\t\t\t<img loading=\"lazy\" decoding=\"async\" width=\"1400\" height=\"933\" src=\"https:\/\/madisonstudio.com.mx\/wp-content\/uploads\/2024\/03\/bellenty-portada.png\" class=\"attachment-full size-full\" alt=\"\" srcset=\"https:\/\/madisonstudio.com.mx\/wp-content\/uploads\/2024\/03\/bellenty-portada.png 1400w, https:\/\/madisonstudio.com.mx\/wp-content\/uploads\/2024\/03\/bellenty-portada-300x200.png 300w, https:\/\/madisonstudio.com.mx\/wp-content\/uploads\/2024\/03\/bellenty-portada-1024x682.png 1024w, https:\/\/madisonstudio.com.mx\/wp-content\/uploads\/2024\/03\/bellenty-portada-768x512.png 768w, https:\/\/madisonstudio.com.mx\/wp-content\/uploads\/2024\/03\/bellenty-portada-600x400.png 600w\" sizes=\"auto, (max-width: 1400px) 100vw, 1400px\" \/>\t\t\t<\/a>\n\t<\/div>\n\t<div class=\"qodef-m-content\">\n\t\t\t<h4 class=\"qodef-m-title\" >\n\t\t\t\t\t<a itemprop=\"url\" href=\"https:\/\/madisonstudio.com.mx\/index.php\/bellenty\/\" target=\"_self\">\n\t\t\t\t\tBELLENTY\t\t\t\t\t<\/a>\n\t\t\t<\/h4>\n\t\t\t<p class=\"qodef-m-text\" >BRANDING <\/p>\n\t\t<a class=\"qodef-shortcode qodef-m  qodef-button qodef-layout--textual  qodef-button-arrow--no qodef-html--link\" href=\"https:\/\/madisonstudio.com.mx\/index.php\/bellenty\/\" target=\"_blank\"  >\t<span class=\"qodef-m-inner\">\t\t<svg class=\"qodef-svg--arrow-button-simple\" xmlns=\"http:\/\/www.w3.org\/2000\/svg\" width=\"34.8962\" height=\"15\" viewBox=\"0 0 34.8962 15\" fill=\"currentColor\"><rect y=\"6.25\" width=\"33\" height=\"1.5\"\/><path d=\"M 29.5837 3.64 C 27.3962 1.68 25.8337 0 25.8337 0 h -0.9375 a 60.295 60.295 0 0 0 3.4375 5.04 L 29.8962 7 L 28.3337 8.96 A 60.295 60.295 0 0 0 24.8963 14 h 0.9375 s 1.5625 -1.68 3.75 -3.64 a 13.2224 13.2224 0 0 1 5.3125 -3.08 V 6.72 A 13.2224 13.2224 0 0 1 29.5837 3.64 Z\"\/><\/svg>\t\t<span class=\"qodef-m-text\">VER PORTAFOLIO<\/span>\t<\/span><\/a>\t<\/div>\n<\/div>\n\t\t<\/div>\n\t\t\t\t<\/div>\n\t\t\t\t<\/div>\n\t\t\t\t<\/div>\n\t\t\t\t\t\t\t<\/div>\n\t\t","protected":false},"excerpt":{"rendered":"<p>Especializados en servicio de dise\u00f1o gr\u00e1fico y branding. MEXACRYL BRANDING VER PORTAFOLIO YATEL BRANDING VER PORTAFOLIO BENITA BOUTIQUE BRANDING VER PORTAFOLIO BELLENTY BRANDING VER PORTAFOLIO<\/p>\n","protected":false},"author":1,"featured_media":0,"parent":0,"menu_order":0,"comment_status":"closed","ping_status":"closed","template":"","meta":{"footnotes":""},"class_list":["post-6804","page","type-page","status-publish","hentry"],"yoast_head":"<!-- This site is optimized with the Yoast SEO plugin v22.3 - https:\/\/yoast.com\/wordpress\/plugins\/seo\/ -->\n<title>Portafolio-Madison - Agencia de dise\u00f1o gr\u00e1fico y branding Monterrey<\/title>\n<meta name=\"robots\" content=\"index, follow, max-snippet:-1, max-image-preview:large, max-video-preview:-1\" \/>\n<link rel=\"canonical\" href=\"https:\/\/madisonstudio.com.mx\/index.php\/portafolio-madison\/\" \/>\n<meta property=\"og:locale\" content=\"en_US\" \/>\n<meta property=\"og:type\" content=\"article\" \/>\n<meta property=\"og:title\" content=\"Portafolio-Madison - Agencia de dise\u00f1o gr\u00e1fico y branding Monterrey\" \/>\n<meta property=\"og:description\" content=\"Especializados en servicio de dise\u00f1o gr\u00e1fico y branding. MEXACRYL BRANDING VER PORTAFOLIO YATEL BRANDING VER PORTAFOLIO BENITA BOUTIQUE BRANDING VER PORTAFOLIO BELLENTY BRANDING VER PORTAFOLIO\" \/>\n<meta property=\"og:url\" content=\"https:\/\/madisonstudio.com.mx\/index.php\/portafolio-madison\/\" \/>\n<meta property=\"og:site_name\" content=\"Agencia de dise\u00f1o gr\u00e1fico y branding Monterrey\" \/>\n<meta property=\"article:publisher\" content=\"https:\/\/www.facebook.com\/madisonstudiomx\" \/>\n<meta property=\"article:modified_time\" content=\"2024-04-09T06:02:54+00:00\" \/>\n<meta property=\"og:image\" content=\"http:\/\/madisonstudio.com.mx\/wp-content\/uploads\/2023\/08\/7210c4191180851.65c6f0ddca964.png\" \/>\n<meta name=\"twitter:card\" content=\"summary_large_image\" \/>\n<meta name=\"twitter:label1\" content=\"Est. reading time\" \/>\n\t<meta name=\"twitter:data1\" content=\"1 minute\" \/>\n<script type=\"application\/ld+json\" class=\"yoast-schema-graph\">{\"@context\":\"https:\/\/schema.org\",\"@graph\":[{\"@type\":\"WebPage\",\"@id\":\"https:\/\/madisonstudio.com.mx\/index.php\/portafolio-madison\/\",\"url\":\"https:\/\/madisonstudio.com.mx\/index.php\/portafolio-madison\/\",\"name\":\"Portafolio-Madison - Agencia de dise\u00f1o gr\u00e1fico y branding Monterrey\",\"isPartOf\":{\"@id\":\"https:\/\/madisonstudio.com.mx\/#website\"},\"primaryImageOfPage\":{\"@id\":\"https:\/\/madisonstudio.com.mx\/index.php\/portafolio-madison\/#primaryimage\"},\"image\":{\"@id\":\"https:\/\/madisonstudio.com.mx\/index.php\/portafolio-madison\/#primaryimage\"},\"thumbnailUrl\":\"http:\/\/madisonstudio.com.mx\/wp-content\/uploads\/2023\/08\/7210c4191180851.65c6f0ddca964.png\",\"datePublished\":\"2024-03-13T06:36:20+00:00\",\"dateModified\":\"2024-04-09T06:02:54+00:00\",\"breadcrumb\":{\"@id\":\"https:\/\/madisonstudio.com.mx\/index.php\/portafolio-madison\/#breadcrumb\"},\"inLanguage\":\"en-US\",\"potentialAction\":[{\"@type\":\"ReadAction\",\"target\":[\"https:\/\/madisonstudio.com.mx\/index.php\/portafolio-madison\/\"]}]},{\"@type\":\"ImageObject\",\"inLanguage\":\"en-US\",\"@id\":\"https:\/\/madisonstudio.com.mx\/index.php\/portafolio-madison\/#primaryimage\",\"url\":\"http:\/\/madisonstudio.com.mx\/wp-content\/uploads\/2023\/08\/7210c4191180851.65c6f0ddca964.png\",\"contentUrl\":\"http:\/\/madisonstudio.com.mx\/wp-content\/uploads\/2023\/08\/7210c4191180851.65c6f0ddca964.png\"},{\"@type\":\"BreadcrumbList\",\"@id\":\"https:\/\/madisonstudio.com.mx\/index.php\/portafolio-madison\/#breadcrumb\",\"itemListElement\":[{\"@type\":\"ListItem\",\"position\":1,\"name\":\"Home\",\"item\":\"https:\/\/madisonstudio.com.mx\/\"},{\"@type\":\"ListItem\",\"position\":2,\"name\":\"Portafolio-Madison\"}]},{\"@type\":\"WebSite\",\"@id\":\"https:\/\/madisonstudio.com.mx\/#website\",\"url\":\"https:\/\/madisonstudio.com.mx\/\",\"name\":\"Madison Studio\",\"description\":\"Agencia de dise\u00f1o gr\u00e1fico y Branding\",\"publisher\":{\"@id\":\"https:\/\/madisonstudio.com.mx\/#organization\"},\"potentialAction\":[{\"@type\":\"SearchAction\",\"target\":{\"@type\":\"EntryPoint\",\"urlTemplate\":\"https:\/\/madisonstudio.com.mx\/?s={search_term_string}\"},\"query-input\":\"required name=search_term_string\"}],\"inLanguage\":\"en-US\"},{\"@type\":\"Organization\",\"@id\":\"https:\/\/madisonstudio.com.mx\/#organization\",\"name\":\"Madison Studio\",\"url\":\"https:\/\/madisonstudio.com.mx\/\",\"logo\":{\"@type\":\"ImageObject\",\"inLanguage\":\"en-US\",\"@id\":\"https:\/\/madisonstudio.com.mx\/#\/schema\/logo\/image\/\",\"url\":\"http:\/\/madisonstudio.com.mx\/wp-content\/uploads\/2024\/02\/logo_madison_studio_mx_1.png\",\"contentUrl\":\"http:\/\/madisonstudio.com.mx\/wp-content\/uploads\/2024\/02\/logo_madison_studio_mx_1.png\",\"width\":279,\"height\":53,\"caption\":\"Madison Studio\"},\"image\":{\"@id\":\"https:\/\/madisonstudio.com.mx\/#\/schema\/logo\/image\/\"},\"sameAs\":[\"https:\/\/www.facebook.com\/madisonstudiomx\",\"https:\/\/www.behance.net\/madisonstudiomx\",\"https:\/\/www.instagram.com\/madisonstudiomx\/\"]}]}<\/script>\n<!-- \/ Yoast SEO plugin. -->","yoast_head_json":{"title":"Portafolio-Madison - Agencia de dise\u00f1o gr\u00e1fico y branding Monterrey","robots":{"index":"index","follow":"follow","max-snippet":"max-snippet:-1","max-image-preview":"max-image-preview:large","max-video-preview":"max-video-preview:-1"},"canonical":"https:\/\/madisonstudio.com.mx\/index.php\/portafolio-madison\/","og_locale":"en_US","og_type":"article","og_title":"Portafolio-Madison - Agencia de dise\u00f1o gr\u00e1fico y branding Monterrey","og_description":"Especializados en servicio de dise\u00f1o gr\u00e1fico y branding. MEXACRYL BRANDING VER PORTAFOLIO YATEL BRANDING VER PORTAFOLIO BENITA BOUTIQUE BRANDING VER PORTAFOLIO BELLENTY BRANDING VER PORTAFOLIO","og_url":"https:\/\/madisonstudio.com.mx\/index.php\/portafolio-madison\/","og_site_name":"Agencia de dise\u00f1o gr\u00e1fico y branding Monterrey","article_publisher":"https:\/\/www.facebook.com\/madisonstudiomx","article_modified_time":"2024-04-09T06:02:54+00:00","og_image":[{"url":"http:\/\/madisonstudio.com.mx\/wp-content\/uploads\/2023\/08\/7210c4191180851.65c6f0ddca964.png"}],"twitter_card":"summary_large_image","twitter_misc":{"Est. reading time":"1 minute"},"schema":{"@context":"https:\/\/schema.org","@graph":[{"@type":"WebPage","@id":"https:\/\/madisonstudio.com.mx\/index.php\/portafolio-madison\/","url":"https:\/\/madisonstudio.com.mx\/index.php\/portafolio-madison\/","name":"Portafolio-Madison - Agencia de dise\u00f1o gr\u00e1fico y branding Monterrey","isPartOf":{"@id":"https:\/\/madisonstudio.com.mx\/#website"},"primaryImageOfPage":{"@id":"https:\/\/madisonstudio.com.mx\/index.php\/portafolio-madison\/#primaryimage"},"image":{"@id":"https:\/\/madisonstudio.com.mx\/index.php\/portafolio-madison\/#primaryimage"},"thumbnailUrl":"http:\/\/madisonstudio.com.mx\/wp-content\/uploads\/2023\/08\/7210c4191180851.65c6f0ddca964.png","datePublished":"2024-03-13T06:36:20+00:00","dateModified":"2024-04-09T06:02:54+00:00","breadcrumb":{"@id":"https:\/\/madisonstudio.com.mx\/index.php\/portafolio-madison\/#breadcrumb"},"inLanguage":"en-US","potentialAction":[{"@type":"ReadAction","target":["https:\/\/madisonstudio.com.mx\/index.php\/portafolio-madison\/"]}]},{"@type":"ImageObject","inLanguage":"en-US","@id":"https:\/\/madisonstudio.com.mx\/index.php\/portafolio-madison\/#primaryimage","url":"http:\/\/madisonstudio.com.mx\/wp-content\/uploads\/2023\/08\/7210c4191180851.65c6f0ddca964.png","contentUrl":"http:\/\/madisonstudio.com.mx\/wp-content\/uploads\/2023\/08\/7210c4191180851.65c6f0ddca964.png"},{"@type":"BreadcrumbList","@id":"https:\/\/madisonstudio.com.mx\/index.php\/portafolio-madison\/#breadcrumb","itemListElement":[{"@type":"ListItem","position":1,"name":"Home","item":"https:\/\/madisonstudio.com.mx\/"},{"@type":"ListItem","position":2,"name":"Portafolio-Madison"}]},{"@type":"WebSite","@id":"https:\/\/madisonstudio.com.mx\/#website","url":"https:\/\/madisonstudio.com.mx\/","name":"Madison Studio","description":"Agencia de dise\u00f1o gr\u00e1fico y Branding","publisher":{"@id":"https:\/\/madisonstudio.com.mx\/#organization"},"potentialAction":[{"@type":"SearchAction","target":{"@type":"EntryPoint","urlTemplate":"https:\/\/madisonstudio.com.mx\/?s={search_term_string}"},"query-input":"required name=search_term_string"}],"inLanguage":"en-US"},{"@type":"Organization","@id":"https:\/\/madisonstudio.com.mx\/#organization","name":"Madison Studio","url":"https:\/\/madisonstudio.com.mx\/","logo":{"@type":"ImageObject","inLanguage":"en-US","@id":"https:\/\/madisonstudio.com.mx\/#\/schema\/logo\/image\/","url":"http:\/\/madisonstudio.com.mx\/wp-content\/uploads\/2024\/02\/logo_madison_studio_mx_1.png","contentUrl":"http:\/\/madisonstudio.com.mx\/wp-content\/uploads\/2024\/02\/logo_madison_studio_mx_1.png","width":279,"height":53,"caption":"Madison Studio"},"image":{"@id":"https:\/\/madisonstudio.com.mx\/#\/schema\/logo\/image\/"},"sameAs":["https:\/\/www.facebook.com\/madisonstudiomx","https:\/\/www.behance.net\/madisonstudiomx","https:\/\/www.instagram.com\/madisonstudiomx\/"]}]}},"_links":{"self":[{"href":"https:\/\/madisonstudio.com.mx\/index.php\/wp-json\/wp\/v2\/pages\/6804","targetHints":{"allow":["GET"]}}],"collection":[{"href":"https:\/\/madisonstudio.com.mx\/index.php\/wp-json\/wp\/v2\/pages"}],"about":[{"href":"https:\/\/madisonstudio.com.mx\/index.php\/wp-json\/wp\/v2\/types\/page"}],"author":[{"embeddable":true,"href":"https:\/\/madisonstudio.com.mx\/index.php\/wp-json\/wp\/v2\/users\/1"}],"replies":[{"embeddable":true,"href":"https:\/\/madisonstudio.com.mx\/index.php\/wp-json\/wp\/v2\/comments?post=6804"}],"version-history":[{"count":20,"href":"https:\/\/madisonstudio.com.mx\/index.php\/wp-json\/wp\/v2\/pages\/6804\/revisions"}],"predecessor-version":[{"id":7080,"href":"https:\/\/madisonstudio.com.mx\/index.php\/wp-json\/wp\/v2\/pages\/6804\/revisions\/7080"}],"wp:attachment":[{"href":"https:\/\/madisonstudio.com.mx\/index.php\/wp-json\/wp\/v2\/media?parent=6804"}],"curies":[{"name":"wp","href":"https:\/\/api.w.org\/{rel}","templated":true}]}}